{"id":3184,"date":"2021-10-11T14:19:32","date_gmt":"2021-10-11T12:19:32","guid":{"rendered":"http:\/\/bts-biogas.com\/amministratore-delegato\/"},"modified":"2022-04-05T15:36:53","modified_gmt":"2022-04-05T13:36:53","slug":"amministratore-delegato","status":"publish","type":"page","link":"https:\/\/bts-biogas.com\/fr\/amministratore-delegato\/","title":{"rendered":"Amministratore delegato"},"content":{"rendered":"<div id=\"cs-content\" class=\"cs-content\"><\/div>\n","protected":false},"excerpt":{"rendered":"<div id=\"cs-content\" class=\"cs-content\">\n<div class=\"x-section e3184-e1 m2gg-0 m2gg-1\">\n<div class=\"x-row x-container max width e3184-e2 m2gg-4 m2gg-5 m2gg-6 m2gg-7 m2gg-c\">\n<div class=\"x-row-inner\">\n<div class=\"x-col e3184-e3 m2gg-k m2gg-l m2gg-m m2gg-n m2gg-o m2gg-p m2gg-q m2gg-r\">\n<div class=\"x-text x-text-headline e3184-e4 m2gg-x m2gg-y m2gg-z m2gg-10 m2gg-11 m2gg-12\">\n<div class=\"x-text-content\">\n<div class=\"x-text-content-text\">\n<h1 class=\"x-text-content-text-primary\">Pr\u00e9sident Directeur G\u00e9n\u00e9ral<\/h1>\n<\/p><\/div>\n<\/div>\n<\/div>\n<\/div>\n<\/div>\n<\/div>\n<\/div>\n<div class=\"x-section x-hide-lg x-hide-md x-hide-sm x-hide-xs e3184-e5 m2gg-0 m2gg-2 m2gg-3\" id=\"media-kit\">\n<div class=\"x-row x-container max width e3184-e6 m2gg-4 m2gg-5<\/div>\n<\/div>\n<p> &#8230; <\/p>\n<div><a href=\"https:\/\/bts-biogas.com\/fr\/amministratore-delegato\/\" class=\"more-link\">Read More<\/a><\/div>\n","protected":false},"author":1,"featured_media":0,"parent":0,"menu_order":0,"comment_status":"closed","ping_status":"closed","template":"template-blank-4.php","meta":{"_acf_changed":false,"rs_blank_template":"","rs_page_bg_color":"","slide_template_v7":"","footnotes":""},"class_list":["post-3184","page","type-page","status-publish","hentry","no-post-thumbnail"],"acf":[],"_links":{"self":[{"href":"https:\/\/bts-biogas.com\/fr\/wp-json\/wp\/v2\/pages\/3184","targetHints":{"allow":["GET"]}}],"collection":[{"href":"https:\/\/bts-biogas.com\/fr\/wp-json\/wp\/v2\/pages"}],"about":[{"href":"https:\/\/bts-biogas.com\/fr\/wp-json\/wp\/v2\/types\/page"}],"author":[{"embeddable":true,"href":"https:\/\/bts-biogas.com\/fr\/wp-json\/wp\/v2\/users\/1"}],"replies":[{"embeddable":true,"href":"https:\/\/bts-biogas.com\/fr\/wp-json\/wp\/v2\/comments?post=3184"}],"version-history":[{"count":0,"href":"https:\/\/bts-biogas.com\/fr\/wp-json\/wp\/v2\/pages\/3184\/revisions"}],"wp:attachment":[{"href":"https:\/\/bts-biogas.com\/fr\/wp-json\/wp\/v2\/media?parent=3184"}],"curies":[{"name":"wp","href":"https:\/\/api.w.org\/{rel}","templated":true}]}}