{"id":7260,"date":"2022-06-27T12:34:57","date_gmt":"2022-06-27T10:34:57","guid":{"rendered":"http:\/\/bts-biogas.com\/i-brand-al-nostro-fianco\/"},"modified":"2023-10-04T09:53:49","modified_gmt":"2023-10-04T07:53:49","slug":"les-marques-a-nos-cotes","status":"publish","type":"page","link":"https:\/\/bts-biogas.com\/fr\/les-marques-a-nos-cotes\/","title":{"rendered":"Les marques \u00e0 nos c\u00f4t\u00e9s"},"content":{"rendered":"<div id=\"cs-content\" class=\"cs-content\"><\/div>\n","protected":false},"excerpt":{"rendered":"<div id=\"cs-content\" class=\"cs-content\">\n<div class=\"x-section e7260-e1 m5lo-0 m5lo-1 m5lo-2\">\n<div class=\"x-bg\" aria-hidden=\"true\">\n<div class=\"x-bg-layer-lower-image\"><\/div>\n<div class=\"x-bg-layer-upper-color\"><\/div>\n<\/div>\n<div class=\"x-row x-container max width e7260-e2 m5lo-6 m5lo-7 m5lo-8 m5lo-9 m5lo-g\">\n<div class=\"x-row-inner\">\n<div class=\"x-col e7260-e3 m5lo-12 m5lo-13\">\n<div class=\"x-text x-text-headline e7260-e4 m5lo-16 m5lo-17\">\n<div class=\"x-text-content\">\n<div class=\"x-text-content-text\">\n<h1 class=\"x-text-content-text-primary\">Les marques \u00e0 nos c\u00f4t\u00e9s<\/h1>\n<\/p><\/div>\n<\/div>\n<\/div>\n<div class=\"x-text x-content e7260-e5 m5lo-19 m5lo-1a\">Pour nos projets et nos installation, nous s\u00e9lectionnons et installons des composants avec d&#8217;excellentes performances et<\/div>\n<\/div>\n<\/div>\n<\/div>\n<\/div>\n<\/div>\n<p> &#8230; <\/p>\n<div><a href=\"https:\/\/bts-biogas.com\/fr\/les-marques-a-nos-cotes\/\" class=\"more-link\">Read More<\/a><\/div>\n","protected":false},"author":1,"featured_media":0,"parent":0,"menu_order":0,"comment_status":"closed","ping_status":"closed","template":"template-blank-4.php","meta":{"_acf_changed":false,"rs_blank_template":"","rs_page_bg_color":"","slide_template_v7":"","footnotes":""},"class_list":["post-7260","page","type-page","status-publish","hentry","no-post-thumbnail"],"acf":[],"_links":{"self":[{"href":"https:\/\/bts-biogas.com\/fr\/wp-json\/wp\/v2\/pages\/7260","targetHints":{"allow":["GET"]}}],"collection":[{"href":"https:\/\/bts-biogas.com\/fr\/wp-json\/wp\/v2\/pages"}],"about":[{"href":"https:\/\/bts-biogas.com\/fr\/wp-json\/wp\/v2\/types\/page"}],"author":[{"embeddable":true,"href":"https:\/\/bts-biogas.com\/fr\/wp-json\/wp\/v2\/users\/1"}],"replies":[{"embeddable":true,"href":"https:\/\/bts-biogas.com\/fr\/wp-json\/wp\/v2\/comments?post=7260"}],"version-history":[{"count":0,"href":"https:\/\/bts-biogas.com\/fr\/wp-json\/wp\/v2\/pages\/7260\/revisions"}],"wp:attachment":[{"href":"https:\/\/bts-biogas.com\/fr\/wp-json\/wp\/v2\/media?parent=7260"}],"curies":[{"name":"wp","href":"https:\/\/api.w.org\/{rel}","templated":true}]}}